{"id":1872,"date":"2021-12-29T09:39:30","date_gmt":"2021-12-29T09:39:30","guid":{"rendered":"https:\/\/www.tacsa.com\/cookies\/"},"modified":"2024-06-25T18:11:39","modified_gmt":"2024-06-25T18:11:39","slug":"cookies","status":"publish","type":"page","link":"https:\/\/www.tacsa.com\/fr\/cookies\/","title":{"rendered":"Cookies"},"content":{"rendered":"<p>Les cookies sont de brefs \u00e9l\u00e9ments d&#8217;information qui sont envoy\u00e9s et stock\u00e9s sur le disque dur de l&#8217;ordinateur de l&#8217;utilisateur via son navigateur lorsqu&#8217;il se connecte \u00e0 un site Web. Les cookies peuvent \u00eatre utilis\u00e9s pour collecter et stocker des donn\u00e9es utilisateur pendant que vous \u00eates connect\u00e9 pour fournir les services demand\u00e9s et qui ne sont g\u00e9n\u00e9ralement pas conserv\u00e9es (cookies de session), ou pour conserver des donn\u00e9es utilisateur pour d&#8217;autres types de services futurs et qui peuvent \u00eatre conserv\u00e9es pendant une p\u00e9riode prolong\u00e9e. dur\u00e9e ind\u00e9termin\u00e9e (Cookies persistants). Les cookies peuvent \u00eatre vos propres cookies ou ceux de tiers.<\/p>\n<h5>Il existe plusieurs types de cookies :<\/h5>\n<ul>\n<li>Cookies t\u00e9cnicas que facilitan la navegaci\u00f3n del usuario y la utilizaci\u00f3n de las diferentes opciones o servicios que ofrece la web como identificar la sesi\u00f3n, permitir el acceso a determinadas \u00e1reas, facilitar pedidos, compras, cumplimentaci\u00f3n de formularios, inscripciones, seguridad, facilitar funcionalidades (videos , r\u00e9seaux sociaux\u2026).<\/li>\n<li>Cookies de personnalisation qui permettent \u00e0 l&#8217;utilisateur d&#8217;acc\u00e9der aux services selon ses pr\u00e9f\u00e9rences (langue, navigateur, configuration&#8230;).<\/li>\n<li>Cookies d&#8217;analyse qui permettent une analyse anonyme du comportement des internautes et qui permettent de mesurer l&#8217;activit\u00e9 des utilisateurs et de cr\u00e9er des profils de navigation dans le but d&#8217;am\u00e9liorer les sites Web.<\/li>\n<li>Cookies publicitaires qui permettent la gestion des espaces publicitaires sur le site Internet.<\/li>\n<li>Cookies de publicit\u00e9 personnalis\u00e9e qui permettent de g\u00e9rer les espaces publicitaires du site Web en fonction du comportement et des habitudes de navigation de l&#8217;utilisateur, \u00e0 partir desquels son profil est obtenu et qui permettent de personnaliser la publicit\u00e9 affich\u00e9e dans le navigateur de l&#8217;utilisateur.<\/li>\n<\/ul>\n<p>TACSA utilise des cookies techniques, de personnalisation et d&#8217;analyse, propres et de tiers, qui ne traitent en aucun cas des donn\u00e9es personnelles, mais capturent les habitudes de navigation \u00e0 des fins statistiques.<\/p>\n<p>Par cons\u00e9quent, lors de l&#8217;acc\u00e8s \u00e0 notre site Web, conform\u00e9ment \u00e0 l&#8217;article 22 de la loi sur les services de la soci\u00e9t\u00e9 de l&#8217;information, nous avons demand\u00e9 votre consentement pour son utilisation.<\/p>\n<p>Dans tous les cas, nous vous informons que vous pouvez activer ou d\u00e9sactiver ces cookies en suivant les instructions de votre navigateur Internet :<\/p>\n<ul>\n<li>Chrome : Param\u00e8tres -&gt; Afficher les options avanc\u00e9es -&gt; Confidentialit\u00e9 -&gt; Param\u00e8tres de contenu.<\/li>\n<li>Firefox : Outils -&gt; Options -&gt; Confidentialit\u00e9 -&gt; Historique -&gt; Param\u00e8tres personnalis\u00e9s.<\/li>\n<li>Internet Explorer : Outils -&gt; Options Internet -&gt; Confidentialit\u00e9 -&gt; Param\u00e8tres.<\/li>\n<li>Safari : Pr\u00e9f\u00e9rences -&gt; S\u00e9curit\u00e9.<\/li>\n<li>Opera : Outils -&gt; Pr\u00e9f\u00e9rences -&gt; Modifier les pr\u00e9f\u00e9rences &gt; Cookies<\/li>\n<li>Edge\u00a0: Param\u00e8tres -&gt; Afficher les param\u00e8tres avanc\u00e9s -&gt; Confidentialit\u00e9 et services -&gt; Cookies<\/li>\n<\/ul>\n<p>Pour plus d&#8217;informations, vous pouvez consulter l&#8217;aide de votre navigateur ou leurs pages de support :<\/p>\n<ul>\n<li>Chrome: support.google.com<\/li>\n<li>FireFox: support.mozilla.org<\/li>\n<li>Internet Explorer: windows.microsoft.com<\/li>\n<li>Safari: http:\/\/www.apple.com<\/li>\n<li>Opera: http:\/\/www.opera.com\/help\/tutorials\/security\/cookies\/<\/li>\n<li>Edge: https:\/\/privacy.microsoft.com\/es-es\/windows-10-microsoft-edge-and-privacy<\/li>\n<\/ul>\n","protected":false},"excerpt":{"rendered":"<p>Les cookies sont de brefs \u00e9l\u00e9ments d&#8217;information qui sont envoy\u00e9s et stock\u00e9s sur le disque dur de l&#8217;ordinateur de l&#8217;utilisateur via son navigateur lorsqu&#8217;il se connecte \u00e0 un site Web. Les cookies peuvent \u00eatre utilis\u00e9s pour collecter et stocker des donn\u00e9es utilisateur pendant que vous \u00eates connect\u00e9 pour fournir les services demand\u00e9s et qui ne [&hellip;]<\/p>\n","protected":false},"author":1,"featured_media":0,"parent":0,"menu_order":9,"comment_status":"closed","ping_status":"closed","template":"","meta":[],"acf":[],"yoast_head":"<!-- This site is optimized with the Yoast SEO plugin v19.1 - https:\/\/yoast.com\/wordpress\/plugins\/seo\/ -->\n<title>Cookies - Tacsa<\/title>\n<meta name=\"robots\" content=\"index, follow, max-snippet:-1, max-image-preview:large, max-video-preview:-1\" \/>\n<link rel=\"canonical\" href=\"https:\/\/www.tacsa.com\/fr\/cookies\/\" \/>\n<meta property=\"og:locale\" content=\"fr_FR\" \/>\n<meta property=\"og:type\" content=\"article\" \/>\n<meta property=\"og:title\" content=\"Cookies - Tacsa\" \/>\n<meta property=\"og:description\" content=\"Les cookies sont de brefs \u00e9l\u00e9ments d&#8217;information qui sont envoy\u00e9s et stock\u00e9s sur le disque dur de l&#8217;ordinateur de l&#8217;utilisateur via son navigateur lorsqu&#8217;il se connecte \u00e0 un site Web. Les cookies peuvent \u00eatre utilis\u00e9s pour collecter et stocker des donn\u00e9es utilisateur pendant que vous \u00eates connect\u00e9 pour fournir les services demand\u00e9s et qui ne [&hellip;]\" \/>\n<meta property=\"og:url\" content=\"https:\/\/www.tacsa.com\/fr\/cookies\/\" \/>\n<meta property=\"og:site_name\" content=\"Tacsa\" \/>\n<meta property=\"article:modified_time\" content=\"2024-06-25T18:11:39+00:00\" \/>\n<meta name=\"twitter:card\" content=\"summary_large_image\" \/>\n<meta name=\"twitter:site\" content=\"@tacsabcn\" \/>\n<meta name=\"twitter:label1\" content=\"Est. reading time\" \/>\n\t<meta name=\"twitter:data1\" content=\"2 minutes\" \/>\n<script type=\"application\/ld+json\" class=\"yoast-schema-graph\">{\"@context\":\"https:\/\/schema.org\",\"@graph\":[{\"@type\":\"Organization\",\"@id\":\"https:\/\/www.tacsa.com\/#organization\",\"name\":\"Tacsa\",\"url\":\"https:\/\/www.tacsa.com\/\",\"sameAs\":[\"https:\/\/twitter.com\/tacsabcn\"],\"logo\":{\"@type\":\"ImageObject\",\"inLanguage\":\"fr-FR\",\"@id\":\"https:\/\/www.tacsa.com\/#\/schema\/logo\/image\/\",\"url\":\"https:\/\/www.tacsa.com\/wp-content\/uploads\/2021\/12\/logo.svg\",\"contentUrl\":\"https:\/\/www.tacsa.com\/wp-content\/uploads\/2021\/12\/logo.svg\",\"caption\":\"Tacsa\"},\"image\":{\"@id\":\"https:\/\/www.tacsa.com\/#\/schema\/logo\/image\/\"}},{\"@type\":\"WebSite\",\"@id\":\"https:\/\/www.tacsa.com\/#website\",\"url\":\"https:\/\/www.tacsa.com\/\",\"name\":\"Tacsa\",\"description\":\"Tratamientos y Acabados por Cataforesis S.A\",\"publisher\":{\"@id\":\"https:\/\/www.tacsa.com\/#organization\"},\"potentialAction\":[{\"@type\":\"SearchAction\",\"target\":{\"@type\":\"EntryPoint\",\"urlTemplate\":\"https:\/\/www.tacsa.com\/?s={search_term_string}\"},\"query-input\":\"required name=search_term_string\"}],\"inLanguage\":\"fr-FR\"},{\"@type\":\"WebPage\",\"@id\":\"https:\/\/www.tacsa.com\/fr\/cookies\/#webpage\",\"url\":\"https:\/\/www.tacsa.com\/fr\/cookies\/\",\"name\":\"Cookies - Tacsa\",\"isPartOf\":{\"@id\":\"https:\/\/www.tacsa.com\/#website\"},\"datePublished\":\"2021-12-29T09:39:30+00:00\",\"dateModified\":\"2024-06-25T18:11:39+00:00\",\"breadcrumb\":{\"@id\":\"https:\/\/www.tacsa.com\/fr\/cookies\/#breadcrumb\"},\"inLanguage\":\"fr-FR\",\"potentialAction\":[{\"@type\":\"ReadAction\",\"target\":[\"https:\/\/www.tacsa.com\/fr\/cookies\/\"]}]},{\"@type\":\"BreadcrumbList\",\"@id\":\"https:\/\/www.tacsa.com\/fr\/cookies\/#breadcrumb\",\"itemListElement\":[{\"@type\":\"ListItem\",\"position\":1,\"name\":\"Home\",\"item\":\"https:\/\/www.tacsa.com\/fr\/\"},{\"@type\":\"ListItem\",\"position\":2,\"name\":\"Cookies\"}]}]}<\/script>\n<!-- \/ Yoast SEO plugin. -->","yoast_head_json":{"title":"Cookies - Tacsa","robots":{"index":"index","follow":"follow","max-snippet":"max-snippet:-1","max-image-preview":"max-image-preview:large","max-video-preview":"max-video-preview:-1"},"canonical":"https:\/\/www.tacsa.com\/fr\/cookies\/","og_locale":"fr_FR","og_type":"article","og_title":"Cookies - Tacsa","og_description":"Les cookies sont de brefs \u00e9l\u00e9ments d&#8217;information qui sont envoy\u00e9s et stock\u00e9s sur le disque dur de l&#8217;ordinateur de l&#8217;utilisateur via son navigateur lorsqu&#8217;il se connecte \u00e0 un site Web. Les cookies peuvent \u00eatre utilis\u00e9s pour collecter et stocker des donn\u00e9es utilisateur pendant que vous \u00eates connect\u00e9 pour fournir les services demand\u00e9s et qui ne [&hellip;]","og_url":"https:\/\/www.tacsa.com\/fr\/cookies\/","og_site_name":"Tacsa","article_modified_time":"2024-06-25T18:11:39+00:00","twitter_card":"summary_large_image","twitter_site":"@tacsabcn","twitter_misc":{"Est. reading time":"2 minutes"},"schema":{"@context":"https:\/\/schema.org","@graph":[{"@type":"Organization","@id":"https:\/\/www.tacsa.com\/#organization","name":"Tacsa","url":"https:\/\/www.tacsa.com\/","sameAs":["https:\/\/twitter.com\/tacsabcn"],"logo":{"@type":"ImageObject","inLanguage":"fr-FR","@id":"https:\/\/www.tacsa.com\/#\/schema\/logo\/image\/","url":"https:\/\/www.tacsa.com\/wp-content\/uploads\/2021\/12\/logo.svg","contentUrl":"https:\/\/www.tacsa.com\/wp-content\/uploads\/2021\/12\/logo.svg","caption":"Tacsa"},"image":{"@id":"https:\/\/www.tacsa.com\/#\/schema\/logo\/image\/"}},{"@type":"WebSite","@id":"https:\/\/www.tacsa.com\/#website","url":"https:\/\/www.tacsa.com\/","name":"Tacsa","description":"Tratamientos y Acabados por Cataforesis S.A","publisher":{"@id":"https:\/\/www.tacsa.com\/#organization"},"potentialAction":[{"@type":"SearchAction","target":{"@type":"EntryPoint","urlTemplate":"https:\/\/www.tacsa.com\/?s={search_term_string}"},"query-input":"required name=search_term_string"}],"inLanguage":"fr-FR"},{"@type":"WebPage","@id":"https:\/\/www.tacsa.com\/fr\/cookies\/#webpage","url":"https:\/\/www.tacsa.com\/fr\/cookies\/","name":"Cookies - Tacsa","isPartOf":{"@id":"https:\/\/www.tacsa.com\/#website"},"datePublished":"2021-12-29T09:39:30+00:00","dateModified":"2024-06-25T18:11:39+00:00","breadcrumb":{"@id":"https:\/\/www.tacsa.com\/fr\/cookies\/#breadcrumb"},"inLanguage":"fr-FR","potentialAction":[{"@type":"ReadAction","target":["https:\/\/www.tacsa.com\/fr\/cookies\/"]}]},{"@type":"BreadcrumbList","@id":"https:\/\/www.tacsa.com\/fr\/cookies\/#breadcrumb","itemListElement":[{"@type":"ListItem","position":1,"name":"Home","item":"https:\/\/www.tacsa.com\/fr\/"},{"@type":"ListItem","position":2,"name":"Cookies"}]}]}},"_links":{"self":[{"href":"https:\/\/www.tacsa.com\/fr\/wp-json\/wp\/v2\/pages\/1872"}],"collection":[{"href":"https:\/\/www.tacsa.com\/fr\/wp-json\/wp\/v2\/pages"}],"about":[{"href":"https:\/\/www.tacsa.com\/fr\/wp-json\/wp\/v2\/types\/page"}],"author":[{"embeddable":true,"href":"https:\/\/www.tacsa.com\/fr\/wp-json\/wp\/v2\/users\/1"}],"replies":[{"embeddable":true,"href":"https:\/\/www.tacsa.com\/fr\/wp-json\/wp\/v2\/comments?post=1872"}],"version-history":[{"count":3,"href":"https:\/\/www.tacsa.com\/fr\/wp-json\/wp\/v2\/pages\/1872\/revisions"}],"predecessor-version":[{"id":1936,"href":"https:\/\/www.tacsa.com\/fr\/wp-json\/wp\/v2\/pages\/1872\/revisions\/1936"}],"wp:attachment":[{"href":"https:\/\/www.tacsa.com\/fr\/wp-json\/wp\/v2\/media?parent=1872"}],"curies":[{"name":"wp","href":"https:\/\/api.w.org\/{rel}","templated":true}]}}