{"id":1871,"date":"2021-12-29T09:39:47","date_gmt":"2021-12-29T09:39:47","guid":{"rendered":"https:\/\/www.tacsa.com\/politica-de-privacidad\/"},"modified":"2024-06-25T18:11:34","modified_gmt":"2024-06-25T18:11:34","slug":"politique-de-confidentialite","status":"publish","type":"page","link":"https:\/\/www.tacsa.com\/fr\/politique-de-confidentialite\/","title":{"rendered":"Politique de confidentialit\u00e9"},"content":{"rendered":"<p>La confidentialit\u00e9 et la s\u00e9curit\u00e9 sont des valeurs primordiales de TACSA et, en cons\u00e9quence, nous nous engageons \u00e0 garantir la confidentialit\u00e9 de l&#8217;Utilisateur \u00e0 tout moment et \u00e0 ne pas collecter d&#8217;informations inutiles. Ci-dessous, nous vous fournissons toutes les informations n\u00e9cessaires sur notre Politique de Confidentialit\u00e9 en ce qui concerne les donn\u00e9es personnelles que nous collectons, en vous expliquant :<\/p>\n<ul>\n<li>Qui est responsable du traitement de vos donn\u00e9es.<\/li>\n<li>\u00c0 quelles fins nous collectons les donn\u00e9es que nous vous demandons.<\/li>\n<li>Quelle est la l\u00e9gitimit\u00e9 pour leur traitement.<\/li>\n<li>Pendant combien de temps nous les conservons.<\/li>\n<li>\u00c0 quels destinataires vos donn\u00e9es sont communiqu\u00e9es.<\/li>\n<li>Quels sont vos droits.<\/li>\n<\/ul>\n<h3><strong>1. Responsable :<\/strong><\/h3>\n<p>TACSA (CIF)<br \/>\nC\/ Motors, 224<br \/>\n08908 Hospitalet de Llobregat<br \/>\ninfo@tacsa.com<\/p>\n<h3><strong>2. Finalit\u00e9s, l\u00e9gitimit\u00e9 et conservation des traitements des donn\u00e9es envoy\u00e9es via :<\/strong><\/h3>\n<p>Formulaire de contact :<\/p>\n<p>Finalit\u00e9 : Vous fournir un moyen de nous contacter et r\u00e9pondre \u00e0 vos demandes d&#8217;information, ainsi que vous envoyer des communications sur nos produits, services et activit\u00e9s, y compris par des moyens \u00e9lectroniques (e-mail, SMS, WhatsApp), si vous cochez la case d&#8217;acceptation.<br \/>\nL\u00e9gitimit\u00e9 : Le consentement de l&#8217;utilisateur en nous demandant des informations via notre formulaire de contact et en cochant la case d&#8217;acceptation de l&#8217;envoi d&#8217;informations.<br \/>\nConservation : Une fois votre demande r\u00e9solue via notre formulaire ou r\u00e9pondue par e-mail, si elle n&#8217;a pas g\u00e9n\u00e9r\u00e9 un nouveau traitement, et si vous avez accept\u00e9 de recevoir des envois commerciaux, jusqu&#8217;\u00e0 ce que vous demandiez leur suppression.<\/p>\n<p>Envoi de courriels :<\/p>\n<p>Finalit\u00e9 : R\u00e9pondre \u00e0 vos demandes d&#8217;information, satisfaire vos demandes et r\u00e9pondre \u00e0 vos questions ou doutes.<br \/>\nL\u00e9gitimit\u00e9 : Le consentement de l&#8217;utilisateur en nous demandant des informations via l&#8217;adresse e-mail.<br \/>\nConservation : Une fois votre demande r\u00e9solue par e-mail, si elle n&#8217;a pas g\u00e9n\u00e9r\u00e9 un nouveau traitement.<\/p>\n<p>Obligation de nous fournir vos donn\u00e9es personnelles et cons\u00e9quences de ne pas le faire.<\/p>\n<p>La fourniture de donn\u00e9es personnelles n\u00e9cessite un \u00e2ge minimum de 13 ans, ou le cas \u00e9ch\u00e9ant, disposer d&#8217;une capacit\u00e9 juridique suffisante pour contracter.<\/p>\n<p>Les donn\u00e9es personnelles demand\u00e9es sont n\u00e9cessaires pour g\u00e9rer vos demandes et\/ou vous fournir les services que vous pourriez contracter, donc si vous ne nous les fournissez pas, nous ne pourrons pas vous r\u00e9pondre correctement ni vous fournir le service que vous avez demand\u00e9.<\/p>\n<h3>3. Destinataires de vos donn\u00e9es<\/h3>\n<p>Vos donn\u00e9es sont confidentielles et ne seront pas communiqu\u00e9es \u00e0 des tiers, sauf en cas d&#8217;obligation l\u00e9gale.<\/p>\n<p>4. Droits en relation avec vos donn\u00e9es personnelles<\/p>\n<p>Toute personne peut retirer son consentement \u00e0 tout moment, lorsqu&#8217;il a \u00e9t\u00e9 donn\u00e9 pour le traitement de ses donn\u00e9es. En aucun cas, le retrait de ce consentement ne conditionne l&#8217;ex\u00e9cution du contrat de souscription ou les relations g\u00e9n\u00e9r\u00e9es ant\u00e9rieurement.<\/p>\n<p>De m\u00eame, vous pouvez exercer les droits suivants :<\/p>\n<p>Demander l&#8217;acc\u00e8s \u00e0 vos donn\u00e9es personnelles ou leur rectification lorsqu&#8217;elles sont inexactes.<br \/>\nDemander leur suppression lorsque, entre autres motifs, les donn\u00e9es ne sont plus n\u00e9cessaires aux fins pour lesquelles elles ont \u00e9t\u00e9 collect\u00e9es.<br \/>\nDemander la limitation de leur traitement dans certaines circonstances.<br \/>\nDemander l&#8217;opposition au traitement de vos donn\u00e9es pour des motifs li\u00e9s \u00e0 votre situation particuli\u00e8re.<br \/>\nDemander la portabilit\u00e9 des donn\u00e9es dans les cas pr\u00e9vus par la r\u00e9glementation.<br \/>\nAutres droits reconnus dans les r\u00e9glementations applicables.<\/p>\n<p>O\u00f9 et comment demander vos Droits : Par \u00e9crit au responsable \u00e0 son adresse postale ou \u00e9lectronique (indiqu\u00e9es dans la section A), en indiquant la r\u00e9f\u00e9rence \u201cDonn\u00e9es Personnelles\u201d, en sp\u00e9cifiant le droit que vous souhaitez exercer et concernant quelles donn\u00e9es personnelles.<\/p>\n<p>En cas de divergences avec l&#8217;entreprise concernant le traitement de vos donn\u00e9es, vous pouvez d\u00e9poser une r\u00e9clamation aupr\u00e8s de l&#8217;Autorit\u00e9 de Protection des Donn\u00e9es (www.agpd.es).<\/p>\n<h3>5. Cookies<\/h3>\n<p>Cette page web utilise uniquement des cookies techniques, de personnalisation et d&#8217;analyse, propres et de tiers (Google Analytics), qui en aucun cas ne traitent des donn\u00e9es de caract\u00e8re personnel ni ne captent des habitudes de navigation \u00e0 des fins publicitaires.<\/p>\n<p>C&#8217;est pourquoi, en acc\u00e9dant \u00e0 notre web, en vertu de l&#8217;article 22 de la Loi sur les Services de la Soci\u00e9t\u00e9 de l&#8217;Information, en traitant des cookies d&#8217;analyse, nous vous avons demand\u00e9 votre consentement pour leur utilisation et fourni des informations sur celles-ci, qui en tout cas seront install\u00e9es apr\u00e8s un d\u00e9lai de temps raisonnable pour que l&#8217;utilisateur ait le temps de d\u00e9cider de donner son consentement ou non.<\/p>\n<h3>6. S\u00e9curit\u00e9 de vos donn\u00e9es personnelles<\/h3>\n<p>Afin de garantir la s\u00e9curit\u00e9 de vos donn\u00e9es personnelles, nous vous informons que nous avons adopt\u00e9 toutes les mesures techniques et organisationnelles n\u00e9cessaires pour garantir la s\u00e9curit\u00e9 des donn\u00e9es personnelles fournies contre leur alt\u00e9ration, perte, traitement ou acc\u00e8s non autoris\u00e9.<\/p>\n<h3>7. Mise \u00e0 jour de vos donn\u00e9es<\/h3>\n<p>Il est important que pour pouvoir maintenir vos donn\u00e9es personnelles \u00e0 jour, vous nous informiez de toute modification de celles-ci, sinon nous ne r\u00e9pondons pas de leur v\u00e9racit\u00e9.<\/p>\n<p>Nous ne sommes pas responsables de la politique de confidentialit\u00e9 concernant les donn\u00e9es personnelles que vous pouvez fournir \u00e0 des tiers via les liens disponibles sur notre page web.<\/p>\n<p>La pr\u00e9sente Politique de Confidentialit\u00e9 peut \u00eatre modifi\u00e9e pour s&#8217;adapter aux changements survenus sur notre web, ainsi qu&#8217;aux modifications l\u00e9gislatives ou jurisprudentielles sur les donn\u00e9es personnelles qui appara\u00eetront, n\u00e9cessitant donc sa lecture \u00e0 chaque fois que vous nous fournissez des donn\u00e9es via cette Web.<\/p>\n","protected":false},"excerpt":{"rendered":"<p>La confidentialit\u00e9 et la s\u00e9curit\u00e9 sont des valeurs primordiales de TACSA et, en cons\u00e9quence, nous nous engageons \u00e0 garantir la confidentialit\u00e9 de l&#8217;Utilisateur \u00e0 tout moment et \u00e0 ne pas collecter d&#8217;informations inutiles. Ci-dessous, nous vous fournissons toutes les informations n\u00e9cessaires sur notre Politique de Confidentialit\u00e9 en ce qui concerne les donn\u00e9es personnelles que nous [&hellip;]<\/p>\n","protected":false},"author":1,"featured_media":0,"parent":0,"menu_order":8,"comment_status":"closed","ping_status":"closed","template":"","meta":[],"acf":[],"yoast_head":"<!-- This site is optimized with the Yoast SEO plugin v19.1 - https:\/\/yoast.com\/wordpress\/plugins\/seo\/ -->\n<title>Politique de confidentialit\u00e9 - Tacsa<\/title>\n<meta name=\"robots\" content=\"index, follow, max-snippet:-1, max-image-preview:large, max-video-preview:-1\" \/>\n<link rel=\"canonical\" href=\"https:\/\/www.tacsa.com\/fr\/politique-de-confidentialite\/\" \/>\n<meta property=\"og:locale\" content=\"fr_FR\" \/>\n<meta property=\"og:type\" content=\"article\" \/>\n<meta property=\"og:title\" content=\"Politique de confidentialit\u00e9 - Tacsa\" \/>\n<meta property=\"og:description\" content=\"La confidentialit\u00e9 et la s\u00e9curit\u00e9 sont des valeurs primordiales de TACSA et, en cons\u00e9quence, nous nous engageons \u00e0 garantir la confidentialit\u00e9 de l&#8217;Utilisateur \u00e0 tout moment et \u00e0 ne pas collecter d&#8217;informations inutiles. Ci-dessous, nous vous fournissons toutes les informations n\u00e9cessaires sur notre Politique de Confidentialit\u00e9 en ce qui concerne les donn\u00e9es personnelles que nous [&hellip;]\" \/>\n<meta property=\"og:url\" content=\"https:\/\/www.tacsa.com\/fr\/politique-de-confidentialite\/\" \/>\n<meta property=\"og:site_name\" content=\"Tacsa\" \/>\n<meta property=\"article:modified_time\" content=\"2024-06-25T18:11:34+00:00\" \/>\n<meta name=\"twitter:card\" content=\"summary_large_image\" \/>\n<meta name=\"twitter:site\" content=\"@tacsabcn\" \/>\n<meta name=\"twitter:label1\" content=\"Est. reading time\" \/>\n\t<meta name=\"twitter:data1\" content=\"4 minutes\" \/>\n<script type=\"application\/ld+json\" class=\"yoast-schema-graph\">{\"@context\":\"https:\/\/schema.org\",\"@graph\":[{\"@type\":\"Organization\",\"@id\":\"https:\/\/www.tacsa.com\/#organization\",\"name\":\"Tacsa\",\"url\":\"https:\/\/www.tacsa.com\/\",\"sameAs\":[\"https:\/\/twitter.com\/tacsabcn\"],\"logo\":{\"@type\":\"ImageObject\",\"inLanguage\":\"fr-FR\",\"@id\":\"https:\/\/www.tacsa.com\/#\/schema\/logo\/image\/\",\"url\":\"https:\/\/www.tacsa.com\/wp-content\/uploads\/2021\/12\/logo.svg\",\"contentUrl\":\"https:\/\/www.tacsa.com\/wp-content\/uploads\/2021\/12\/logo.svg\",\"caption\":\"Tacsa\"},\"image\":{\"@id\":\"https:\/\/www.tacsa.com\/#\/schema\/logo\/image\/\"}},{\"@type\":\"WebSite\",\"@id\":\"https:\/\/www.tacsa.com\/#website\",\"url\":\"https:\/\/www.tacsa.com\/\",\"name\":\"Tacsa\",\"description\":\"Tratamientos y Acabados por Cataforesis S.A\",\"publisher\":{\"@id\":\"https:\/\/www.tacsa.com\/#organization\"},\"potentialAction\":[{\"@type\":\"SearchAction\",\"target\":{\"@type\":\"EntryPoint\",\"urlTemplate\":\"https:\/\/www.tacsa.com\/?s={search_term_string}\"},\"query-input\":\"required name=search_term_string\"}],\"inLanguage\":\"fr-FR\"},{\"@type\":\"WebPage\",\"@id\":\"https:\/\/www.tacsa.com\/fr\/politique-de-confidentialite\/#webpage\",\"url\":\"https:\/\/www.tacsa.com\/fr\/politique-de-confidentialite\/\",\"name\":\"Politique de confidentialit\u00e9 - Tacsa\",\"isPartOf\":{\"@id\":\"https:\/\/www.tacsa.com\/#website\"},\"datePublished\":\"2021-12-29T09:39:47+00:00\",\"dateModified\":\"2024-06-25T18:11:34+00:00\",\"breadcrumb\":{\"@id\":\"https:\/\/www.tacsa.com\/fr\/politique-de-confidentialite\/#breadcrumb\"},\"inLanguage\":\"fr-FR\",\"potentialAction\":[{\"@type\":\"ReadAction\",\"target\":[\"https:\/\/www.tacsa.com\/fr\/politique-de-confidentialite\/\"]}]},{\"@type\":\"BreadcrumbList\",\"@id\":\"https:\/\/www.tacsa.com\/fr\/politique-de-confidentialite\/#breadcrumb\",\"itemListElement\":[{\"@type\":\"ListItem\",\"position\":1,\"name\":\"Home\",\"item\":\"https:\/\/www.tacsa.com\/fr\/\"},{\"@type\":\"ListItem\",\"position\":2,\"name\":\"Politique de confidentialit\u00e9\"}]}]}<\/script>\n<!-- \/ Yoast SEO plugin. -->","yoast_head_json":{"title":"Politique de confidentialit\u00e9 - Tacsa","robots":{"index":"index","follow":"follow","max-snippet":"max-snippet:-1","max-image-preview":"max-image-preview:large","max-video-preview":"max-video-preview:-1"},"canonical":"https:\/\/www.tacsa.com\/fr\/politique-de-confidentialite\/","og_locale":"fr_FR","og_type":"article","og_title":"Politique de confidentialit\u00e9 - Tacsa","og_description":"La confidentialit\u00e9 et la s\u00e9curit\u00e9 sont des valeurs primordiales de TACSA et, en cons\u00e9quence, nous nous engageons \u00e0 garantir la confidentialit\u00e9 de l&#8217;Utilisateur \u00e0 tout moment et \u00e0 ne pas collecter d&#8217;informations inutiles. Ci-dessous, nous vous fournissons toutes les informations n\u00e9cessaires sur notre Politique de Confidentialit\u00e9 en ce qui concerne les donn\u00e9es personnelles que nous [&hellip;]","og_url":"https:\/\/www.tacsa.com\/fr\/politique-de-confidentialite\/","og_site_name":"Tacsa","article_modified_time":"2024-06-25T18:11:34+00:00","twitter_card":"summary_large_image","twitter_site":"@tacsabcn","twitter_misc":{"Est. reading time":"4 minutes"},"schema":{"@context":"https:\/\/schema.org","@graph":[{"@type":"Organization","@id":"https:\/\/www.tacsa.com\/#organization","name":"Tacsa","url":"https:\/\/www.tacsa.com\/","sameAs":["https:\/\/twitter.com\/tacsabcn"],"logo":{"@type":"ImageObject","inLanguage":"fr-FR","@id":"https:\/\/www.tacsa.com\/#\/schema\/logo\/image\/","url":"https:\/\/www.tacsa.com\/wp-content\/uploads\/2021\/12\/logo.svg","contentUrl":"https:\/\/www.tacsa.com\/wp-content\/uploads\/2021\/12\/logo.svg","caption":"Tacsa"},"image":{"@id":"https:\/\/www.tacsa.com\/#\/schema\/logo\/image\/"}},{"@type":"WebSite","@id":"https:\/\/www.tacsa.com\/#website","url":"https:\/\/www.tacsa.com\/","name":"Tacsa","description":"Tratamientos y Acabados por Cataforesis S.A","publisher":{"@id":"https:\/\/www.tacsa.com\/#organization"},"potentialAction":[{"@type":"SearchAction","target":{"@type":"EntryPoint","urlTemplate":"https:\/\/www.tacsa.com\/?s={search_term_string}"},"query-input":"required name=search_term_string"}],"inLanguage":"fr-FR"},{"@type":"WebPage","@id":"https:\/\/www.tacsa.com\/fr\/politique-de-confidentialite\/#webpage","url":"https:\/\/www.tacsa.com\/fr\/politique-de-confidentialite\/","name":"Politique de confidentialit\u00e9 - Tacsa","isPartOf":{"@id":"https:\/\/www.tacsa.com\/#website"},"datePublished":"2021-12-29T09:39:47+00:00","dateModified":"2024-06-25T18:11:34+00:00","breadcrumb":{"@id":"https:\/\/www.tacsa.com\/fr\/politique-de-confidentialite\/#breadcrumb"},"inLanguage":"fr-FR","potentialAction":[{"@type":"ReadAction","target":["https:\/\/www.tacsa.com\/fr\/politique-de-confidentialite\/"]}]},{"@type":"BreadcrumbList","@id":"https:\/\/www.tacsa.com\/fr\/politique-de-confidentialite\/#breadcrumb","itemListElement":[{"@type":"ListItem","position":1,"name":"Home","item":"https:\/\/www.tacsa.com\/fr\/"},{"@type":"ListItem","position":2,"name":"Politique de confidentialit\u00e9"}]}]}},"_links":{"self":[{"href":"https:\/\/www.tacsa.com\/fr\/wp-json\/wp\/v2\/pages\/1871"}],"collection":[{"href":"https:\/\/www.tacsa.com\/fr\/wp-json\/wp\/v2\/pages"}],"about":[{"href":"https:\/\/www.tacsa.com\/fr\/wp-json\/wp\/v2\/types\/page"}],"author":[{"embeddable":true,"href":"https:\/\/www.tacsa.com\/fr\/wp-json\/wp\/v2\/users\/1"}],"replies":[{"embeddable":true,"href":"https:\/\/www.tacsa.com\/fr\/wp-json\/wp\/v2\/comments?post=1871"}],"version-history":[{"count":3,"href":"https:\/\/www.tacsa.com\/fr\/wp-json\/wp\/v2\/pages\/1871\/revisions"}],"predecessor-version":[{"id":1934,"href":"https:\/\/www.tacsa.com\/fr\/wp-json\/wp\/v2\/pages\/1871\/revisions\/1934"}],"wp:attachment":[{"href":"https:\/\/www.tacsa.com\/fr\/wp-json\/wp\/v2\/media?parent=1871"}],"curies":[{"name":"wp","href":"https:\/\/api.w.org\/{rel}","templated":true}]}}