{"id":1863,"date":"2021-12-29T07:15:55","date_gmt":"2021-12-29T07:15:55","guid":{"rendered":"https:\/\/www.tacsa.com\/home\/"},"modified":"2025-06-09T12:01:15","modified_gmt":"2025-06-09T12:01:15","slug":"accueil","status":"publish","type":"page","link":"https:\/\/www.tacsa.com\/fr\/","title":{"rendered":"Accueil"},"content":{"rendered":"<div class=\"flex flex-grow flex-col max-w-full\">\n<div class=\"min-h-[20px] text-message flex flex-col items-start whitespace-pre-wrap break-words [.text-message+&amp;]:mt-5 juice:w-full juice:items-end overflow-x-auto gap-2\" dir=\"auto\" data-message-author-role=\"assistant\" data-message-id=\"884bac10-0098-4f4b-8bab-cf31e78e98bb\">\n<div class=\"flex w-full flex-col gap-1 juice:empty:hidden juice:first:pt-[3px]\">\n<div class=\"markdown prose w-full break-words dark:prose-invert light\">\n<h1>Entreprise de recouvrements m\u00e9talliques Tacsa<\/h1>\n<\/div>\n<\/div>\n<\/div>\n<\/div>\n<p><img loading=\"lazy\" class=\"alignnone wp-image-1640 size-medium\" src=\"https:\/\/www.tacsa.com\/wp-content\/uploads\/2021\/12\/banner_img-297x300.jpg\" alt=\"Visi\u00f3n de una cadena de montaje con piezas movi\u00e9ndose en TACSA, empresa de recubrimientos metalicos\" width=\"297\" height=\"300\" srcset=\"https:\/\/www.tacsa.com\/wp-content\/uploads\/2021\/12\/banner_img-297x300.jpg 297w, https:\/\/www.tacsa.com\/wp-content\/uploads\/2021\/12\/banner_img.jpg 712w\" sizes=\"(max-width: 297px) 100vw, 297px\" \/><\/p>\n<p>TACSA est une entreprise de recouvrements m\u00e9talliques, leader dans ce domaine, situ\u00e9e \u00e0 Barcelone et \u00e0 Santa Coloma de Cervell\u00f3. Depuis sa fondation en 1988, elle s&#8217;est distingu\u00e9e en offrant un service int\u00e9gral de rev\u00eatement des m\u00e9taux par cataphor\u00e8se et <a href=\"https:\/\/www.tacsa.com\/fr\/domaines-d-activite\/\">peinture en poudre<\/a>.<\/p>\n<h2>La premi\u00e8re installation de recouvrements m\u00e9talliques<\/h2>\n<p>La soci\u00e9t\u00e9 a commenc\u00e9 avec une usine de 2 400 m\u00b2 \u00e0 Santa Coloma de Cervell\u00f3, sp\u00e9cialis\u00e9e dans le rev\u00eatement par <a href=\"https:\/\/www.tacsa.com\/fr\/domaines-d-activite\/\">cataphor\u00e8se<\/a>. Ce proc\u00e9d\u00e9 d\u00e9pose de la peinture sur des pi\u00e8ces m\u00e9talliques par \u00e9lectrod\u00e9position, cr\u00e9ant une couche uniforme et r\u00e9sistante \u00e0 la corrosion, id\u00e9ale pour l&#8217;industrie automobile.<\/p>\n<h2>La deuxi\u00e8me usine<\/h2>\n<p>En 1998, TACSA a inaugur\u00e9 une deuxi\u00e8me usine de 7 250 m\u00b2 dans la Zone Franca de Barcelone. Cette expansion a permis d&#8217;augmenter la capacit\u00e9 de production et d&#8217;ajouter une ligne de peinture en poudre, qui applique une couche de peinture thermodurcissable par projection \u00e9lectrostatique, offrant une excellente r\u00e9sistance aux agents chimiques et aux conditions environnementales d\u00e9favorables.<\/p>\n<h2>Nouveau centre logistique<\/h2>\n<p>En 2018, TACSA a ajout\u00e9 un centre logistique de 1 600 m\u00b2 dans la m\u00eame zone. Ce centre soutient les activit\u00e9s de production avec des services d&#8217;assemblage, de montage et d&#8217;emballage, permettant \u00e0 TACSA d&#8217;offrir un service int\u00e9gral \u00e0 ses clients, en optimisant la cha\u00eene de valeur, en r\u00e9duisant les co\u00fbts op\u00e9rationnels et en am\u00e9liorant la production.<\/p>\n<h2>Qualit\u00e9 et environnement<\/h2>\n<p>L&#8217;entreprise se distingue par son engagement envers la <a href=\"https:\/\/www.tacsa.com\/fr\/qualite-et-environnement\/\">qualit\u00e9 et l&#8217;environnement<\/a>. Elle utilise des proc\u00e9d\u00e9s avanc\u00e9s de pr\u00e9traitement, tels que le grenaillage et le phosphatage, pour assurer une adh\u00e9rence optimale des rev\u00eatements. De plus, elle collabore avec des partenaires pour g\u00e9rer des traitements compl\u00e9mentaires comme l&#8217;\u00e9lectrozinguage, garantissant la durabilit\u00e9 de ses produits.<\/p>\n<p>TACSA r\u00e9alise \u00e9galement de nombreuses \u00e9tudes en laboratoire pour am\u00e9liorer la qualit\u00e9 de sa production ainsi que pour innover dans divers domaines au-del\u00e0 de ses principaux actifs industriels.<\/p>\n<h2>R\u00e9f\u00e9rences<\/h2>\n<p>Gr\u00e2ce \u00e0 son approche int\u00e9grale et sa capacit\u00e9 d&#8217;adaptation aux besoins sp\u00e9cifiques de chaque client, TACSA s&#8217;est consolid\u00e9e comme une r\u00e9f\u00e9rence dans le secteur du rev\u00eatement des m\u00e9taux.<\/p>\n<p>Nos principaux clients sont : <a href=\"http:\/\/seat.fr\">SEAT<\/a>, <a href=\"https:\/\/draxton.com\">Draxton<\/a>, <a href=\"https:\/\/www.doga.es\">Doga<\/a>, <a href=\"https:\/\/flex-n-gate.com\/es\/\">Flexngate<\/a>, <a href=\"https:\/\/www.volkswagen-group.com\/en\">Volkswagen<\/a>, <a href=\"http:\/\/fiat.es\">Fiat<\/a>, <a href=\"http:\/\/bmw.com\">BMW<\/a>, <a href=\"http:\/\/nissan.com\">Nissan<\/a>, <a href=\"https:\/\/www.solerpalau.com\/fr-fr\/\">S&amp;P<\/a>, <a href=\"https:\/\/www.gestamp.com\/fr\">Gestamp<\/a>, <a href=\"https:\/\/www.mercedes-benz.fr\">Mercedes Benz<\/a> y <a href=\"https:\/\/www.volvotrucks.fr\">Volvo<\/a><\/p>\n","protected":false},"excerpt":{"rendered":"<p>Entreprise de recouvrements m\u00e9talliques Tacsa TACSA est une entreprise de recouvrements m\u00e9talliques, leader dans ce domaine, situ\u00e9e \u00e0 Barcelone et \u00e0 Santa Coloma de Cervell\u00f3. Depuis sa fondation en 1988, elle s&#8217;est distingu\u00e9e en offrant un service int\u00e9gral de rev\u00eatement des m\u00e9taux par cataphor\u00e8se et peinture en poudre. La premi\u00e8re installation de recouvrements m\u00e9talliques La [&hellip;]<\/p>\n","protected":false},"author":1,"featured_media":0,"parent":0,"menu_order":0,"comment_status":"closed","ping_status":"closed","template":"","meta":[],"acf":[],"yoast_head":"<!-- This site is optimized with the Yoast SEO plugin v19.1 - https:\/\/yoast.com\/wordpress\/plugins\/seo\/ -->\n<title>Tacsa - Service complet en recouvrements m\u00e9talliques<\/title>\n<meta name=\"description\" content=\"TACSA, entreprise de recouvrements m\u00e9talliques avec service complet de cataphor\u00e8se et peinture en poudre \u00e0 Barcelone.\" \/>\n<meta name=\"robots\" content=\"index, follow, max-snippet:-1, max-image-preview:large, max-video-preview:-1\" \/>\n<link rel=\"canonical\" href=\"https:\/\/www.tacsa.com\/fr\/\" \/>\n<meta property=\"og:locale\" content=\"fr_FR\" \/>\n<meta property=\"og:type\" content=\"article\" \/>\n<meta property=\"og:title\" content=\"Tacsa - Service complet en recouvrements m\u00e9talliques\" \/>\n<meta property=\"og:description\" content=\"TACSA, entreprise de recouvrements m\u00e9talliques avec service complet de cataphor\u00e8se et peinture en poudre \u00e0 Barcelone.\" \/>\n<meta property=\"og:url\" content=\"https:\/\/www.tacsa.com\/fr\/\" \/>\n<meta property=\"og:site_name\" content=\"Tacsa\" \/>\n<meta property=\"article:modified_time\" content=\"2025-06-09T12:01:15+00:00\" \/>\n<meta property=\"og:image\" content=\"https:\/\/www.tacsa.com\/wp-content\/uploads\/2021\/12\/banner_img-297x300.jpg\" \/>\n<meta name=\"twitter:card\" content=\"summary_large_image\" \/>\n<meta name=\"twitter:site\" content=\"@tacsabcn\" \/>\n<meta name=\"twitter:label1\" content=\"Est. reading time\" \/>\n\t<meta name=\"twitter:data1\" content=\"2 minutes\" \/>\n<script type=\"application\/ld+json\" class=\"yoast-schema-graph\">{\"@context\":\"https:\/\/schema.org\",\"@graph\":[{\"@type\":\"Organization\",\"@id\":\"https:\/\/www.tacsa.com\/#organization\",\"name\":\"Tacsa\",\"url\":\"https:\/\/www.tacsa.com\/\",\"sameAs\":[\"https:\/\/twitter.com\/tacsabcn\"],\"logo\":{\"@type\":\"ImageObject\",\"inLanguage\":\"fr-FR\",\"@id\":\"https:\/\/www.tacsa.com\/#\/schema\/logo\/image\/\",\"url\":\"https:\/\/www.tacsa.com\/wp-content\/uploads\/2021\/12\/logo.svg\",\"contentUrl\":\"https:\/\/www.tacsa.com\/wp-content\/uploads\/2021\/12\/logo.svg\",\"caption\":\"Tacsa\"},\"image\":{\"@id\":\"https:\/\/www.tacsa.com\/#\/schema\/logo\/image\/\"}},{\"@type\":\"WebSite\",\"@id\":\"https:\/\/www.tacsa.com\/#website\",\"url\":\"https:\/\/www.tacsa.com\/\",\"name\":\"Tacsa\",\"description\":\"Tratamientos y Acabados por Cataforesis S.A\",\"publisher\":{\"@id\":\"https:\/\/www.tacsa.com\/#organization\"},\"potentialAction\":[{\"@type\":\"SearchAction\",\"target\":{\"@type\":\"EntryPoint\",\"urlTemplate\":\"https:\/\/www.tacsa.com\/?s={search_term_string}\"},\"query-input\":\"required name=search_term_string\"}],\"inLanguage\":\"fr-FR\"},{\"@type\":\"ImageObject\",\"inLanguage\":\"fr-FR\",\"@id\":\"https:\/\/www.tacsa.com\/fr\/#primaryimage\",\"url\":\"https:\/\/www.tacsa.com\/wp-content\/uploads\/2021\/12\/banner_img.jpg\",\"contentUrl\":\"https:\/\/www.tacsa.com\/wp-content\/uploads\/2021\/12\/banner_img.jpg\",\"width\":712,\"height\":720,\"caption\":\"Visi\u00f3n de una cadena de montaje con piezas movi\u00e9ndose en TACSA, empresa de recubrimientos metalicos\"},{\"@type\":\"WebPage\",\"@id\":\"https:\/\/www.tacsa.com\/fr\/#webpage\",\"url\":\"https:\/\/www.tacsa.com\/fr\/\",\"name\":\"Tacsa - Service complet en recouvrements m\u00e9talliques\",\"isPartOf\":{\"@id\":\"https:\/\/www.tacsa.com\/#website\"},\"primaryImageOfPage\":{\"@id\":\"https:\/\/www.tacsa.com\/fr\/#primaryimage\"},\"datePublished\":\"2021-12-29T07:15:55+00:00\",\"dateModified\":\"2025-06-09T12:01:15+00:00\",\"description\":\"TACSA, entreprise de recouvrements m\u00e9talliques avec service complet de cataphor\u00e8se et peinture en poudre \u00e0 Barcelone.\",\"breadcrumb\":{\"@id\":\"https:\/\/www.tacsa.com\/fr\/#breadcrumb\"},\"inLanguage\":\"fr-FR\",\"potentialAction\":[{\"@type\":\"ReadAction\",\"target\":[\"https:\/\/www.tacsa.com\/fr\/\"]}]},{\"@type\":\"BreadcrumbList\",\"@id\":\"https:\/\/www.tacsa.com\/fr\/#breadcrumb\",\"itemListElement\":[{\"@type\":\"ListItem\",\"position\":1,\"name\":\"Home\",\"item\":\"https:\/\/www.tacsa.com\/fr\/\"},{\"@type\":\"ListItem\",\"position\":2,\"name\":\"Accueil\"}]}]}<\/script>\n<!-- \/ Yoast SEO plugin. -->","yoast_head_json":{"title":"Tacsa - Service complet en recouvrements m\u00e9talliques","description":"TACSA, entreprise de recouvrements m\u00e9talliques avec service complet de cataphor\u00e8se et peinture en poudre \u00e0 Barcelone.","robots":{"index":"index","follow":"follow","max-snippet":"max-snippet:-1","max-image-preview":"max-image-preview:large","max-video-preview":"max-video-preview:-1"},"canonical":"https:\/\/www.tacsa.com\/fr\/","og_locale":"fr_FR","og_type":"article","og_title":"Tacsa - Service complet en recouvrements m\u00e9talliques","og_description":"TACSA, entreprise de recouvrements m\u00e9talliques avec service complet de cataphor\u00e8se et peinture en poudre \u00e0 Barcelone.","og_url":"https:\/\/www.tacsa.com\/fr\/","og_site_name":"Tacsa","article_modified_time":"2025-06-09T12:01:15+00:00","og_image":[{"url":"https:\/\/www.tacsa.com\/wp-content\/uploads\/2021\/12\/banner_img-297x300.jpg"}],"twitter_card":"summary_large_image","twitter_site":"@tacsabcn","twitter_misc":{"Est. reading time":"2 minutes"},"schema":{"@context":"https:\/\/schema.org","@graph":[{"@type":"Organization","@id":"https:\/\/www.tacsa.com\/#organization","name":"Tacsa","url":"https:\/\/www.tacsa.com\/","sameAs":["https:\/\/twitter.com\/tacsabcn"],"logo":{"@type":"ImageObject","inLanguage":"fr-FR","@id":"https:\/\/www.tacsa.com\/#\/schema\/logo\/image\/","url":"https:\/\/www.tacsa.com\/wp-content\/uploads\/2021\/12\/logo.svg","contentUrl":"https:\/\/www.tacsa.com\/wp-content\/uploads\/2021\/12\/logo.svg","caption":"Tacsa"},"image":{"@id":"https:\/\/www.tacsa.com\/#\/schema\/logo\/image\/"}},{"@type":"WebSite","@id":"https:\/\/www.tacsa.com\/#website","url":"https:\/\/www.tacsa.com\/","name":"Tacsa","description":"Tratamientos y Acabados por Cataforesis S.A","publisher":{"@id":"https:\/\/www.tacsa.com\/#organization"},"potentialAction":[{"@type":"SearchAction","target":{"@type":"EntryPoint","urlTemplate":"https:\/\/www.tacsa.com\/?s={search_term_string}"},"query-input":"required name=search_term_string"}],"inLanguage":"fr-FR"},{"@type":"ImageObject","inLanguage":"fr-FR","@id":"https:\/\/www.tacsa.com\/fr\/#primaryimage","url":"https:\/\/www.tacsa.com\/wp-content\/uploads\/2021\/12\/banner_img.jpg","contentUrl":"https:\/\/www.tacsa.com\/wp-content\/uploads\/2021\/12\/banner_img.jpg","width":712,"height":720,"caption":"Visi\u00f3n de una cadena de montaje con piezas movi\u00e9ndose en TACSA, empresa de recubrimientos metalicos"},{"@type":"WebPage","@id":"https:\/\/www.tacsa.com\/fr\/#webpage","url":"https:\/\/www.tacsa.com\/fr\/","name":"Tacsa - Service complet en recouvrements m\u00e9talliques","isPartOf":{"@id":"https:\/\/www.tacsa.com\/#website"},"primaryImageOfPage":{"@id":"https:\/\/www.tacsa.com\/fr\/#primaryimage"},"datePublished":"2021-12-29T07:15:55+00:00","dateModified":"2025-06-09T12:01:15+00:00","description":"TACSA, entreprise de recouvrements m\u00e9talliques avec service complet de cataphor\u00e8se et peinture en poudre \u00e0 Barcelone.","breadcrumb":{"@id":"https:\/\/www.tacsa.com\/fr\/#breadcrumb"},"inLanguage":"fr-FR","potentialAction":[{"@type":"ReadAction","target":["https:\/\/www.tacsa.com\/fr\/"]}]},{"@type":"BreadcrumbList","@id":"https:\/\/www.tacsa.com\/fr\/#breadcrumb","itemListElement":[{"@type":"ListItem","position":1,"name":"Home","item":"https:\/\/www.tacsa.com\/fr\/"},{"@type":"ListItem","position":2,"name":"Accueil"}]}]}},"_links":{"self":[{"href":"https:\/\/www.tacsa.com\/fr\/wp-json\/wp\/v2\/pages\/1863"}],"collection":[{"href":"https:\/\/www.tacsa.com\/fr\/wp-json\/wp\/v2\/pages"}],"about":[{"href":"https:\/\/www.tacsa.com\/fr\/wp-json\/wp\/v2\/types\/page"}],"author":[{"embeddable":true,"href":"https:\/\/www.tacsa.com\/fr\/wp-json\/wp\/v2\/users\/1"}],"replies":[{"embeddable":true,"href":"https:\/\/www.tacsa.com\/fr\/wp-json\/wp\/v2\/comments?post=1863"}],"version-history":[{"count":18,"href":"https:\/\/www.tacsa.com\/fr\/wp-json\/wp\/v2\/pages\/1863\/revisions"}],"predecessor-version":[{"id":2672,"href":"https:\/\/www.tacsa.com\/fr\/wp-json\/wp\/v2\/pages\/1863\/revisions\/2672"}],"wp:attachment":[{"href":"https:\/\/www.tacsa.com\/fr\/wp-json\/wp\/v2\/media?parent=1863"}],"curies":[{"name":"wp","href":"https:\/\/api.w.org\/{rel}","templated":true}]}}